{"id":6,"date":"2021-10-15T15:28:09","date_gmt":"2021-10-15T15:28:09","guid":{"rendered":"https:\/\/members.ift.uam-csic.es\/jose.barbon\/?page_id=6"},"modified":"2022-02-19T20:59:49","modified_gmt":"2022-02-19T20:59:49","slug":"home","status":"publish","type":"page","link":"https:\/\/members.ift.uam-csic.es\/jose.barbon\/","title":{"rendered":"Home"},"content":{"rendered":"\n<h4 class=\"wp-block-heading\" id=\"jose-luis-fernandez-barbon\">Jos\u00e9 Luis Fern\u00e1ndez Barb\u00f3n<\/h4>\n\n\n\n<h4 class=\"has-medium-font-size wp-block-heading\" id=\"institute-of-theoretical-physics-uam-csic-madrid\">Institute of Theoretical Physics.<br>UAM-CSIC, Madrid<\/h4>\n\n\n\n<div style=\"height:48px\" aria-hidden=\"true\" class=\"wp-block-spacer\"><\/div>\n\n\n\n<p>I am a theoretical physicist working at the Instituto de F\u00edsica Te\u00f3rica (IFT), a joint venture of the Aut\u00f3noma University of Madrid (UAM) and the Council for Scientific Resarch (CSIC).<\/p>\n\n\n\n<p>My scientific work deals with quantum field theory and gravity in general. I am especially interested in quantum aspects of black holes, the holographic principle, fundamentals of cosmology and quantum information theory.<\/p>\n","protected":false},"excerpt":{"rendered":"<p>Jos\u00e9 Luis Fern\u00e1ndez Barb\u00f3n Institute of Theoretical Physics.UAM-CSIC, Madrid I am a theoretical physicist working at the Instituto de F\u00edsica Te\u00f3rica (IFT), a joint venture of the Aut\u00f3noma University of Madrid (UAM) and the Council for Scientific Resarch (CSIC). My scientific work deals with quantum field theory and gravity in general. I am especially interested [&hellip;]<\/p>\n","protected":false},"author":1,"featured_media":844,"parent":0,"menu_order":0,"comment_status":"closed","ping_status":"closed","template":"page-no-separators","meta":{"footnotes":""},"class_list":["post-6","page","type-page","status-publish","has-post-thumbnail","hentry"],"_links":{"self":[{"href":"https:\/\/members.ift.uam-csic.es\/jose.barbon\/wp-json\/wp\/v2\/pages\/6","targetHints":{"allow":["GET"]}}],"collection":[{"href":"https:\/\/members.ift.uam-csic.es\/jose.barbon\/wp-json\/wp\/v2\/pages"}],"about":[{"href":"https:\/\/members.ift.uam-csic.es\/jose.barbon\/wp-json\/wp\/v2\/types\/page"}],"author":[{"embeddable":true,"href":"https:\/\/members.ift.uam-csic.es\/jose.barbon\/wp-json\/wp\/v2\/users\/1"}],"replies":[{"embeddable":true,"href":"https:\/\/members.ift.uam-csic.es\/jose.barbon\/wp-json\/wp\/v2\/comments?post=6"}],"version-history":[{"count":163,"href":"https:\/\/members.ift.uam-csic.es\/jose.barbon\/wp-json\/wp\/v2\/pages\/6\/revisions"}],"predecessor-version":[{"id":942,"href":"https:\/\/members.ift.uam-csic.es\/jose.barbon\/wp-json\/wp\/v2\/pages\/6\/revisions\/942"}],"wp:featuredmedia":[{"embeddable":true,"href":"https:\/\/members.ift.uam-csic.es\/jose.barbon\/wp-json\/wp\/v2\/media\/844"}],"wp:attachment":[{"href":"https:\/\/members.ift.uam-csic.es\/jose.barbon\/wp-json\/wp\/v2\/media?parent=6"}],"curies":[{"name":"wp","href":"https:\/\/api.w.org\/{rel}","templated":true}]}}