{"id":118,"date":"2014-12-23T07:27:31","date_gmt":"2014-12-23T07:27:31","guid":{"rendered":"http:\/\/members.ift.uam-csic.es\/gsierra\/?page_id=118"},"modified":"2022-02-22T11:35:27","modified_gmt":"2022-02-22T11:35:27","slug":"popular-science","status":"publish","type":"page","link":"https:\/\/members.ift.uam-csic.es\/gsierra\/?page_id=118","title":{"rendered":"Popular"},"content":{"rendered":"<ul>\n<li><a href=\"http:\/\/members.ift.uam-csic.es\/gsierra\/wp-content\/uploads\/2022\/02\/11-Latorre-Fest-19.pdf\">talk Abu Dabhi<\/a><\/li>\n<li><a href=\"http:\/\/members.ift.uam-csic.es\/gsierra\/wp-content\/uploads\/2014\/12\/Madrid-SC-13-v3.odp\">La hip\u00f3tesis de Riemann y la F\u00edsica (Residencia de Estudiantes, Madrid, 2013)<\/a><\/li>\n<li><a href=\"https:\/\/www.dropbox.com\/s\/vt8o4iinspv568p\/2010-Filosifa-UCM-2010.pdf?dl=0\">Una mirada a la F\u00edsica del siglo XXI (Fac. Filosof\u00eda, UCM, 2010)<\/a><\/li>\n<li><a href=\"https:\/\/www.dropbox.com\/s\/nbbjpa2y8lssd3b\/2009-alameda-osuna.pdf?dl=0\">Una ventana a la F\u00edsica del siglo \u00a0XXI (IES Alameda de Osuna, Madrid, 2009)<\/a><\/li>\n<li><a href=\"https:\/\/www.dropbox.com\/s\/gkp4kh5gj9lkux4\/2005-Santander-Riemann.pdf?dl=0\">Historia de una obsesi\u00f3n: la hip\u00f3tesis de Riemann (Semana de la Ciencia,Santander, 2005)<\/a><\/li>\n<li><a href=\"http:\/\/members.ift.uam-csic.es\/gsierra\/wp-content\/uploads\/2014\/12\/delfin-ni\u00f1os.jpeg\"><img loading=\"lazy\" class=\"aligncenter size-full wp-image-123\" title=\"delfin-ni\u00f1os\" src=\"http:\/\/members.ift.uam-csic.es\/gsierra\/wp-content\/uploads\/2014\/12\/delfin-ni\u00f1os.jpeg\" alt=\"\" width=\"2054\" height=\"1800\" \/><\/a><\/li>\n<\/ul>\n","protected":false},"excerpt":{"rendered":"<p>talk Abu Dabhi La hip\u00f3tesis de Riemann y la F\u00edsica (Residencia de Estudiantes, Madrid, 2013) Una mirada a la F\u00edsica del siglo XXI (Fac. Filosof\u00eda, UCM, 2010) Una ventana a la F\u00edsica del siglo \u00a0XXI (IES Alameda de Osuna, Madrid, &hellip; <a href=\"https:\/\/members.ift.uam-csic.es\/gsierra\/?page_id=118\">Continue reading <span class=\"meta-nav\">&rarr;<\/span><\/a><\/p>\n","protected":false},"author":1,"featured_media":0,"parent":0,"menu_order":6,"comment_status":"closed","ping_status":"closed","template":"","meta":[],"_links":{"self":[{"href":"https:\/\/members.ift.uam-csic.es\/gsierra\/index.php?rest_route=\/wp\/v2\/pages\/118"}],"collection":[{"href":"https:\/\/members.ift.uam-csic.es\/gsierra\/index.php?rest_route=\/wp\/v2\/pages"}],"about":[{"href":"https:\/\/members.ift.uam-csic.es\/gsierra\/index.php?rest_route=\/wp\/v2\/types\/page"}],"author":[{"embeddable":true,"href":"https:\/\/members.ift.uam-csic.es\/gsierra\/index.php?rest_route=\/wp\/v2\/users\/1"}],"replies":[{"embeddable":true,"href":"https:\/\/members.ift.uam-csic.es\/gsierra\/index.php?rest_route=%2Fwp%2Fv2%2Fcomments&post=118"}],"version-history":[{"count":16,"href":"https:\/\/members.ift.uam-csic.es\/gsierra\/index.php?rest_route=\/wp\/v2\/pages\/118\/revisions"}],"predecessor-version":[{"id":340,"href":"https:\/\/members.ift.uam-csic.es\/gsierra\/index.php?rest_route=\/wp\/v2\/pages\/118\/revisions\/340"}],"wp:attachment":[{"href":"https:\/\/members.ift.uam-csic.es\/gsierra\/index.php?rest_route=%2Fwp%2Fv2%2Fmedia&parent=118"}],"curies":[{"name":"wp","href":"https:\/\/api.w.org\/{rel}","templated":true}]}}