{"id":7855,"date":"2024-10-03T17:38:08","date_gmt":"2024-10-03T17:38:08","guid":{"rendered":"https:\/\/members.ift.uam-csic.es\/ed\/?page_id=7855"},"modified":"2024-12-15T11:10:11","modified_gmt":"2024-12-15T11:10:11","slug":"ift-news","status":"publish","type":"page","link":"https:\/\/members.ift.uam-csic.es\/ed\/ift-news\/","title":{"rendered":"IFT Posts"},"content":{"rendered":"\n<div class=\"wp-block-query alignwide is-layout-flow wp-block-query-is-layout-flow\"><ul class=\"alignfull wp-block-post-template is-layout-flow wp-block-post-template-is-layout-flow\"><li class=\"wp-block-post post-9017 post type-post status-publish format-standard has-post-thumbnail hentry category-stem category-yofisica tag-11f\">\n<h2 class=\"alignfull wp-block-post-title\">El IFT re\u00fane 96 miradas sobre mujeres y f\u00edsica cu\u00e1ntica para celebrar el 11F<\/h2>\n\n<div class=\"wp-block-post-date\"><time datetime=\"2026-02-11T10:42:05+00:00\">February 11, 2026<\/time><\/div>\n\n<figure class=\"alignfull wp-block-post-featured-image\"><a href=\"https:\/\/members.ift.uam-csic.es\/ed\/2026\/02\/11\/el-ift-reune-96-miradas-sobre-mujeres-y-fisica-cuantica-para-celebrar-el-11f\/\" target=\"_self\"  ><img loading=\"lazy\" decoding=\"async\" width=\"1200\" height=\"675\" src=\"https:\/\/members.ift.uam-csic.es\/ed\/wp-content\/uploads\/2026\/02\/Y0FisicaCuantica-1200x675.jpg\" class=\"attachment-post-thumbnail size-post-thumbnail wp-post-image\" alt=\"El IFT re\u00fane 96 miradas sobre mujeres y f\u00edsica cu\u00e1ntica para celebrar el 11F\" style=\"object-fit:cover;\" srcset=\"https:\/\/members.ift.uam-csic.es\/ed\/wp-content\/uploads\/2026\/02\/Y0FisicaCuantica-1200x675.jpg 1200w, https:\/\/members.ift.uam-csic.es\/ed\/wp-content\/uploads\/2026\/02\/Y0FisicaCuantica-300x169.jpg 300w, https:\/\/members.ift.uam-csic.es\/ed\/wp-content\/uploads\/2026\/02\/Y0FisicaCuantica-1024x576.jpg 1024w, https:\/\/members.ift.uam-csic.es\/ed\/wp-content\/uploads\/2026\/02\/Y0FisicaCuantica-768x432.jpg 768w, https:\/\/members.ift.uam-csic.es\/ed\/wp-content\/uploads\/2026\/02\/Y0FisicaCuantica-500x281.jpg 500w, https:\/\/members.ift.uam-csic.es\/ed\/wp-content\/uploads\/2026\/02\/Y0FisicaCuantica-800x450.jpg 800w, https:\/\/members.ift.uam-csic.es\/ed\/wp-content\/uploads\/2026\/02\/Y0FisicaCuantica.jpg 1280w\" sizes=\"auto, (max-width: 1200px) 100vw, 1200px\" \/><\/a><\/figure>\n\n<div class=\"wp-block-post-excerpt\"><p class=\"wp-block-post-excerpt__excerpt\">Alrededor de 180 personas han participado en el reto #YoF\u00edsicaCu\u00e1ntica, una iniciativa de divulgaci\u00f3n que el Instituto de F\u00edsica Te\u00f3rica UAM-CSIC organiza cada a\u00f1o con motivo del D\u00eda Internacional de [&hellip;]<\/p><p class=\"wp-block-post-excerpt__more-text\"><a class=\"wp-block-post-excerpt__more-link\" href=\"https:\/\/members.ift.uam-csic.es\/ed\/2026\/02\/11\/el-ift-reune-96-miradas-sobre-mujeres-y-fisica-cuantica-para-celebrar-el-11f\/\">Read more<\/a><\/p><\/div>\n\n\n<hr class=\"wp-block-separator\"\/>\n\n<\/li><li class=\"wp-block-post post-9050 post type-post status-publish format-standard has-post-thumbnail hentry category-sin-categoria\">\n<h2 class=\"alignfull wp-block-post-title\">3rd EDI Training: \u201cGender Perspective in Science and Research\u201d<\/h2>\n\n<div class=\"wp-block-post-date\"><time datetime=\"2026-03-11T18:18:48+00:00\">March 11, 2026<\/time><\/div>\n\n<figure class=\"alignfull wp-block-post-featured-image\"><a href=\"https:\/\/members.ift.uam-csic.es\/ed\/2026\/03\/11\/3rd-edi-training-gender-perspective-in-science-and-research\/\" target=\"_self\"  ><img loading=\"lazy\" decoding=\"async\" width=\"1200\" height=\"675\" src=\"https:\/\/members.ift.uam-csic.es\/ed\/wp-content\/uploads\/2026\/03\/3EDI.001-1200x675.jpeg\" class=\"attachment-post-thumbnail size-post-thumbnail wp-post-image\" alt=\"3rd EDI Training: \u201cGender Perspective in Science and Research\u201d\" style=\"object-fit:cover;\" srcset=\"https:\/\/members.ift.uam-csic.es\/ed\/wp-content\/uploads\/2026\/03\/3EDI.001-1200x675.jpeg 1200w, https:\/\/members.ift.uam-csic.es\/ed\/wp-content\/uploads\/2026\/03\/3EDI.001-300x169.jpeg 300w, https:\/\/members.ift.uam-csic.es\/ed\/wp-content\/uploads\/2026\/03\/3EDI.001-1024x576.jpeg 1024w, https:\/\/members.ift.uam-csic.es\/ed\/wp-content\/uploads\/2026\/03\/3EDI.001-768x432.jpeg 768w, https:\/\/members.ift.uam-csic.es\/ed\/wp-content\/uploads\/2026\/03\/3EDI.001-1536x864.jpeg 1536w, https:\/\/members.ift.uam-csic.es\/ed\/wp-content\/uploads\/2026\/03\/3EDI.001-500x281.jpeg 500w, https:\/\/members.ift.uam-csic.es\/ed\/wp-content\/uploads\/2026\/03\/3EDI.001-800x450.jpeg 800w, https:\/\/members.ift.uam-csic.es\/ed\/wp-content\/uploads\/2026\/03\/3EDI.001-1280x720.jpeg 1280w, https:\/\/members.ift.uam-csic.es\/ed\/wp-content\/uploads\/2026\/03\/3EDI.001.jpeg 1920w\" sizes=\"auto, (max-width: 1200px) 100vw, 1200px\" \/><\/a><\/figure>\n\n<div class=\"wp-block-post-excerpt\"><p class=\"wp-block-post-excerpt__excerpt\">The third session&nbsp;of&nbsp;IFT\u2019s&nbsp;EDI&nbsp;training&nbsp;series will take place in the&nbsp;Blue Room on March 19 @ 11:00, with the talk: &nbsp;\u2018Gender Perspective in Science and Research\u2019 Speaker:&nbsp;Alejandra G\u00e1mez Abascal&nbsp; Chair of&nbsp;CBM&nbsp;Equality Committee. Member [&hellip;]<\/p><p class=\"wp-block-post-excerpt__more-text\"><a class=\"wp-block-post-excerpt__more-link\" href=\"https:\/\/members.ift.uam-csic.es\/ed\/2026\/03\/11\/3rd-edi-training-gender-perspective-in-science-and-research\/\">Read more<\/a><\/p><\/div>\n\n\n<hr class=\"wp-block-separator\"\/>\n\n<\/li><li class=\"wp-block-post post-8972 post type-post status-publish format-standard has-post-thumbnail hentry category-sin-categoria\">\n<h2 class=\"alignfull wp-block-post-title\">2nd EDI Training: \u2018Beyond law: Invisible Barriers to Women\u2019s Access to Public Life\u2019<\/h2>\n\n<div class=\"wp-block-post-date\"><time datetime=\"2026-02-03T17:15:46+00:00\">February 3, 2026<\/time><\/div>\n\n<figure class=\"alignfull wp-block-post-featured-image\"><a href=\"https:\/\/members.ift.uam-csic.es\/ed\/2026\/02\/03\/2nd-edi-training-beyond-law-invisible-barriers-to-womens-access-to-public-life\/\" target=\"_self\"  ><img loading=\"lazy\" decoding=\"async\" width=\"1200\" height=\"675\" src=\"https:\/\/members.ift.uam-csic.es\/ed\/wp-content\/uploads\/2026\/02\/Untitled.001-1200x675.jpeg\" class=\"attachment-post-thumbnail size-post-thumbnail wp-post-image\" alt=\"2nd EDI Training: \u2018Beyond law: Invisible Barriers to Women\u2019s Access to Public Life\u2019\" style=\"object-fit:cover;\" srcset=\"https:\/\/members.ift.uam-csic.es\/ed\/wp-content\/uploads\/2026\/02\/Untitled.001-1200x675.jpeg 1200w, https:\/\/members.ift.uam-csic.es\/ed\/wp-content\/uploads\/2026\/02\/Untitled.001-300x169.jpeg 300w, https:\/\/members.ift.uam-csic.es\/ed\/wp-content\/uploads\/2026\/02\/Untitled.001-1024x576.jpeg 1024w, https:\/\/members.ift.uam-csic.es\/ed\/wp-content\/uploads\/2026\/02\/Untitled.001-768x432.jpeg 768w, https:\/\/members.ift.uam-csic.es\/ed\/wp-content\/uploads\/2026\/02\/Untitled.001-1536x864.jpeg 1536w, https:\/\/members.ift.uam-csic.es\/ed\/wp-content\/uploads\/2026\/02\/Untitled.001-500x281.jpeg 500w, https:\/\/members.ift.uam-csic.es\/ed\/wp-content\/uploads\/2026\/02\/Untitled.001-800x450.jpeg 800w, https:\/\/members.ift.uam-csic.es\/ed\/wp-content\/uploads\/2026\/02\/Untitled.001-1280x720.jpeg 1280w, https:\/\/members.ift.uam-csic.es\/ed\/wp-content\/uploads\/2026\/02\/Untitled.001.jpeg 1920w\" sizes=\"auto, (max-width: 1200px) 100vw, 1200px\" \/><\/a><\/figure>\n\n<div class=\"wp-block-post-excerpt\"><p class=\"wp-block-post-excerpt__excerpt\">The second session\u00a0of\u00a0IFT&#8217;s\u00a0EDI\u00a0training\u00a0series will take place in the\u00a0Blue Room February 11th at 4pm,\u00a0as part of the International Day of Women and Girls in Science. This time it will be the [&hellip;]<\/p><p class=\"wp-block-post-excerpt__more-text\"><a class=\"wp-block-post-excerpt__more-link\" href=\"https:\/\/members.ift.uam-csic.es\/ed\/2026\/02\/03\/2nd-edi-training-beyond-law-invisible-barriers-to-womens-access-to-public-life\/\">Read more<\/a><\/p><\/div>\n\n\n<hr class=\"wp-block-separator\"\/>\n\n<\/li><li class=\"wp-block-post post-8825 post type-post status-publish format-standard has-post-thumbnail hentry category-edi category-stem category-yofisica tag-11f tag-stem\">\n<h2 class=\"alignfull wp-block-post-title\">Participa en #YoF\u00edsicaCu\u00e1ntica, la nueva edici\u00f3n del reto del IFT para el 11F<\/h2>\n\n<div class=\"wp-block-post-date\"><time datetime=\"2025-12-03T11:52:51+00:00\">December 3, 2025<\/time><\/div>\n\n<figure class=\"alignfull wp-block-post-featured-image\"><a href=\"https:\/\/members.ift.uam-csic.es\/ed\/2025\/12\/03\/participa-en-yofisicacuantica-la-nueva-edicion-del-reto-del-ift-para-el-11f\/\" target=\"_self\"  ><img loading=\"lazy\" decoding=\"async\" width=\"1200\" height=\"675\" src=\"https:\/\/members.ift.uam-csic.es\/ed\/wp-content\/uploads\/2025\/11\/YoFisicaCuantica_poster.001-1200x675.jpeg\" class=\"attachment-post-thumbnail size-post-thumbnail wp-post-image\" alt=\"Participa en #YoF\u00edsicaCu\u00e1ntica, la nueva edici\u00f3n del reto del IFT para el 11F\" style=\"object-fit:cover;\" srcset=\"https:\/\/members.ift.uam-csic.es\/ed\/wp-content\/uploads\/2025\/11\/YoFisicaCuantica_poster.001-1200x675.jpeg 1200w, https:\/\/members.ift.uam-csic.es\/ed\/wp-content\/uploads\/2025\/11\/YoFisicaCuantica_poster.001-300x169.jpeg 300w, https:\/\/members.ift.uam-csic.es\/ed\/wp-content\/uploads\/2025\/11\/YoFisicaCuantica_poster.001-1024x576.jpeg 1024w, https:\/\/members.ift.uam-csic.es\/ed\/wp-content\/uploads\/2025\/11\/YoFisicaCuantica_poster.001-768x432.jpeg 768w, https:\/\/members.ift.uam-csic.es\/ed\/wp-content\/uploads\/2025\/11\/YoFisicaCuantica_poster.001-1536x864.jpeg 1536w, https:\/\/members.ift.uam-csic.es\/ed\/wp-content\/uploads\/2025\/11\/YoFisicaCuantica_poster.001-500x281.jpeg 500w, https:\/\/members.ift.uam-csic.es\/ed\/wp-content\/uploads\/2025\/11\/YoFisicaCuantica_poster.001-800x450.jpeg 800w, https:\/\/members.ift.uam-csic.es\/ed\/wp-content\/uploads\/2025\/11\/YoFisicaCuantica_poster.001-1280x720.jpeg 1280w, https:\/\/members.ift.uam-csic.es\/ed\/wp-content\/uploads\/2025\/11\/YoFisicaCuantica_poster.001.jpeg 1920w\" sizes=\"auto, (max-width: 1200px) 100vw, 1200px\" \/><\/a><\/figure>\n\n<div class=\"wp-block-post-excerpt\"><p class=\"wp-block-post-excerpt__excerpt\">Con motivo de la celebraci\u00f3n del pr\u00f3ximo 11 de febrero, D\u00eda Internacional de las Mujeres y las Ni\u00f1as en la Ciencia, el Instituto de F\u00edsica Te\u00f3rica (IFT UAM-CSIC) pone en [&hellip;]<\/p><p class=\"wp-block-post-excerpt__more-text\"><a class=\"wp-block-post-excerpt__more-link\" href=\"https:\/\/members.ift.uam-csic.es\/ed\/2025\/12\/03\/participa-en-yofisicacuantica-la-nueva-edicion-del-reto-del-ift-para-el-11f\/\">Read more<\/a><\/p><\/div>\n\n\n<hr class=\"wp-block-separator\"\/>\n\n<\/li><li class=\"wp-block-post post-8768 post type-post status-publish format-standard has-post-thumbnail hentry category-edi\">\n<h2 class=\"alignfull wp-block-post-title\">1st EDI Training Session<\/h2>\n\n<div class=\"wp-block-post-date\"><time datetime=\"2025-11-20T10:26:02+00:00\">November 20, 2025<\/time><\/div>\n\n<figure class=\"alignfull wp-block-post-featured-image\"><a href=\"https:\/\/members.ift.uam-csic.es\/ed\/2025\/11\/20\/1st-edi-training-session\/\" target=\"_self\"  ><img loading=\"lazy\" decoding=\"async\" width=\"1200\" height=\"675\" src=\"https:\/\/members.ift.uam-csic.es\/ed\/wp-content\/uploads\/2025\/11\/EDI_training.001-1200x675.jpeg\" class=\"attachment-post-thumbnail size-post-thumbnail wp-post-image\" alt=\"1st EDI Training Session\" style=\"object-fit:cover;\" srcset=\"https:\/\/members.ift.uam-csic.es\/ed\/wp-content\/uploads\/2025\/11\/EDI_training.001-1200x675.jpeg 1200w, https:\/\/members.ift.uam-csic.es\/ed\/wp-content\/uploads\/2025\/11\/EDI_training.001-300x169.jpeg 300w, https:\/\/members.ift.uam-csic.es\/ed\/wp-content\/uploads\/2025\/11\/EDI_training.001-1024x576.jpeg 1024w, https:\/\/members.ift.uam-csic.es\/ed\/wp-content\/uploads\/2025\/11\/EDI_training.001-768x432.jpeg 768w, https:\/\/members.ift.uam-csic.es\/ed\/wp-content\/uploads\/2025\/11\/EDI_training.001-1536x864.jpeg 1536w, https:\/\/members.ift.uam-csic.es\/ed\/wp-content\/uploads\/2025\/11\/EDI_training.001-500x281.jpeg 500w, https:\/\/members.ift.uam-csic.es\/ed\/wp-content\/uploads\/2025\/11\/EDI_training.001-800x450.jpeg 800w, https:\/\/members.ift.uam-csic.es\/ed\/wp-content\/uploads\/2025\/11\/EDI_training.001-1280x720.jpeg 1280w, https:\/\/members.ift.uam-csic.es\/ed\/wp-content\/uploads\/2025\/11\/EDI_training.001.jpeg 1920w\" sizes=\"auto, (max-width: 1200px) 100vw, 1200px\" \/><\/a><\/figure>\n\n<div class=\"wp-block-post-excerpt\"><p class=\"wp-block-post-excerpt__excerpt\">The first session of IFT&#8217;s EDI training series will take place on November 25th, a data that also marks the International&nbsp;Day&nbsp;for&nbsp;the&nbsp;Elimination&nbsp;of&nbsp;Violence&nbsp;Against&nbsp;Women, making our collective reflection especially timely. This seminar offers [&hellip;]<\/p><p class=\"wp-block-post-excerpt__more-text\"><a class=\"wp-block-post-excerpt__more-link\" href=\"https:\/\/members.ift.uam-csic.es\/ed\/2025\/11\/20\/1st-edi-training-session\/\">Read more<\/a><\/p><\/div>\n\n\n<hr class=\"wp-block-separator\"\/>\n\n<\/li><\/ul>\n\n<nav class=\"wp-block-query-pagination is-layout-flex wp-block-query-pagination-is-layout-flex\" aria-label=\"Pagination\">\n\n\n<div class=\"wp-block-query-pagination-numbers\"><span aria-current=\"page\" class=\"page-numbers current\">1<\/span>\n<a class=\"page-numbers\" href=\"?query-8-page=2\">2<\/a>\n<a class=\"page-numbers\" href=\"?query-8-page=3\">3<\/a>\n<span class=\"page-numbers dots\">&hellip;<\/span>\n<a class=\"page-numbers\" href=\"?query-8-page=12\">12<\/a><\/div>\n\n<a href=\"\/ed\/wp-json\/wp\/v2\/pages\/7855?query-8-page=2\" class=\"wp-block-query-pagination-next\">Next Page<\/a>\n<\/nav><\/div>\n","protected":false},"excerpt":{"rendered":"","protected":false},"author":1,"featured_media":7827,"parent":0,"menu_order":0,"comment_status":"closed","ping_status":"closed","template":"templates\/template-cover.php","meta":{"_EventAllDay":false,"_EventTimezone":"","_EventStartDate":"","_EventEndDate":"","_EventStartDateUTC":"","_EventEndDateUTC":"","_EventShowMap":false,"_EventShowMapLink":false,"_EventURL":"","_EventCost":"","_EventCostDescription":"","_EventCurrencySymbol":"","_EventCurrencyPosition":"","_EventDateTimeSeparator":"","_EventTimeRangeSeparator":"","_EventOrganizerID":[],"_EventVenueID":0,"_OrganizerEmail":"","_OrganizerPhone":"","_OrganizerWebsite":"","_VenueAddress":"","_VenueCity":"","_VenueCountry":"","_VenueProvince":"","_VenueZip":"","_VenuePhone":"","_VenueURL":"","_VenueStateProvince":"","_VenueLat":"","_VenueLng":"","footnotes":""},"class_list":["post-7855","page","type-page","status-publish","has-post-thumbnail","hentry"],"_links":{"self":[{"href":"https:\/\/members.ift.uam-csic.es\/ed\/wp-json\/wp\/v2\/pages\/7855","targetHints":{"allow":["GET"]}}],"collection":[{"href":"https:\/\/members.ift.uam-csic.es\/ed\/wp-json\/wp\/v2\/pages"}],"about":[{"href":"https:\/\/members.ift.uam-csic.es\/ed\/wp-json\/wp\/v2\/types\/page"}],"author":[{"embeddable":true,"href":"https:\/\/members.ift.uam-csic.es\/ed\/wp-json\/wp\/v2\/users\/1"}],"replies":[{"embeddable":true,"href":"https:\/\/members.ift.uam-csic.es\/ed\/wp-json\/wp\/v2\/comments?post=7855"}],"version-history":[{"count":17,"href":"https:\/\/members.ift.uam-csic.es\/ed\/wp-json\/wp\/v2\/pages\/7855\/revisions"}],"predecessor-version":[{"id":8490,"href":"https:\/\/members.ift.uam-csic.es\/ed\/wp-json\/wp\/v2\/pages\/7855\/revisions\/8490"}],"wp:featuredmedia":[{"embeddable":true,"href":"https:\/\/members.ift.uam-csic.es\/ed\/wp-json\/wp\/v2\/media\/7827"}],"wp:attachment":[{"href":"https:\/\/members.ift.uam-csic.es\/ed\/wp-json\/wp\/v2\/media?parent=7855"}],"curies":[{"name":"wp","href":"https:\/\/api.w.org\/{rel}","templated":true}]}}