{"id":305,"date":"2022-02-21T21:29:43","date_gmt":"2022-02-21T21:29:43","guid":{"rendered":"https:\/\/members.ift.uam-csic.es\/gsierra\/?page_id=305"},"modified":"2022-02-22T06:45:38","modified_gmt":"2022-02-22T06:45:38","slug":"selected-publications","status":"publish","type":"page","link":"http:\/\/members.ift.uam-csic.es\/gsierra\/?page_id=305","title":{"rendered":"Selected publications"},"content":{"rendered":"\n<p>\u201cAlgebraic Bethe Circuits\u201d, Alejandro Sopena, Max Hunter Gordon, Diego Garc\u00eda-Mart\u00edn, Germ\u00e1n Sierra, Esperanza L\u00f3pez; arXiv:2202.04673.<\/p>\n\n\n\n<p>\u201cSimulating violation of causality using a topological phase transition\u201d, Sudipto Singha Roy, Anindita Bera, and Germ\u00e1n Sierra, Phys. Rev. A. 2022; arXiv:2105.09795.<\/p>\n\n\n\n<p>&#8220;Riemann zeros from a periodically-driven trapped ion&#8221;, Ran He, Ming-Zhong Ai, Jin-Ming Cui, Yun-Feng Huang, Yong-Jian Han, Chuan-Feng Li, Guang-Can Guo, G.Sierra, C.E. Creffield, npj Quantum Information. &nbsp;Vol.7, 109 (2021); &nbsp;arXiv:2102.06936.<\/p>\n\n\n\n<p>&#8220;Field Tensor Network States&#8221; Anne E. B. Nielsen, Benedikt Herwerth, J. Ignacio Cirac, Germ\u00e1n Sierra, Phys. Rev. B 103, 155130 (2021); &nbsp;arXiv:2001.07723.<\/p>\n\n\n\n<p>&#8220;Entanglement as geometry and flow&#8221;, S. Singha Roy, S. N.&nbsp; Santalla, J.&nbsp; Rodr\u00edguez-Laguna, G. &nbsp;Sierra, Phys. Rev. B 101, 195134 (2020); arXiv:1906.05146 2019.<\/p>\n\n\n\n<p>&#8220;Integrable Floquet Hamiltonian for a Periodically Tilted 1D Gas&#8221;, Andrea Colcelli, Giuseppe Mussardo, Germ\u00e1n Sierra, Andrea Trombettoni; Phys. Rev. Lett. 123, 130401 (2019); arXiv:1902.07809.<\/p>\n\n\n\n<p>&#8220;Tensor renormalization group in bosonic field theory&#8221;, Manuel Campos, Germ\u00e1n Sierra, Esperanza L\u00f3pez, Phys. Rev. B 100, 195106 (2019); arXiv:1902.02362.<\/p>\n\n\n\n<p>&#8220;Symmetry protected phases in inhomogeneous spin chains&#8221;, Nadir Samos S\u00e1enz de Buruaga, Silvia N. Santalla, Javier Rodr\u00edguez-Laguna, Germ\u00e1n Sierra; J. Stat. Mech. (2019) 093102; &nbsp;arXiv:1812.04869.<\/p>\n\n\n\n<p>&#8220;Equipartition of the Entanglement Entropy&#8221;, J. C. Xavier, F. C. Alcaraz, G. Sierra; Phys. Rev. B 98, 041106 (2018); \u00a0arXiv:1804.06357.\u00a0<\/p>\n\n\n\n<p>&#8220;Five Experimental Tests on the 5-Qubit IBM Quantum Computer&#8221;,<br>Diego Garc\u00eda-Mart\u00edn, Germ\u00e1n Sierra, J. of App. Maths and Phys., 6, 1460 (2018); arXiv:1712.05642.<\/p>\n\n\n\n<p>&#8220;Entanglement hamiltonian and entanglement contour in inhomogeneous 1D critical systems&#8221;,&nbsp; Erik Tonni, Javier Rodr\u00edguez-Laguna, Germ\u00e1n Sierra, J. Stat. Mech. (2018) 043105; &nbsp;arXiv:1712.03557.<\/p>\n\n\n\n<p>&#8220;The BCS wave function, matrix product states, and the Ising conformal field theory&#8221;, Sebasti\u00e1n Montes, Javier Rodr\u00edguez-Laguna, Germ\u00e1n Sierra; Phys. Rev. B 96, 195152 (2017); \u00a0arXiv:1709.01979.<\/p>\n\n\n\n<p>&#8220;More on the rainbow chain: entanglement, space-time geometry and thermal states&#8221;,<br>Javier Rodr\u00edguez-Laguna, Jerome Dubail, Giovanni Ram\u00edrez, Pasquale Calabrese, Germ\u00e1n Sierra, J. Phys. A: Math. Theor. 50, 164001 (2017); arXiv:1611.08559.<\/p>\n\n\n\n<p>&#8220;Long-range Heisenberg models in quasi-periodically driven crystals of trapped ions&#8221;,<br>A. Bermudez, L. Tagliacozzo, G. Sierra and P. Richerme, Phys. Rev. B 95, 024431 (2017);<br>arXiv:1607.03337.<\/p>\n\n\n\n<p>&#8220;Boson Condensation in Topologically Ordered Quantum Liquids&#8221;, Titus Neupert, Huan He, Curt von Keyserlingk, Germ\u00e1n Sierra, B. Andrei Bernevig; Phys. Rev. B&nbsp; 93, 115103&nbsp; (2016); &nbsp;arXiv:1601.01320.<\/p>\n\n\n\n<p>&#8220;Entanglement over the rainbow&#8221;, Giovanni Ram\u00edrez, Javier Rodr\u00edguez-Laguna, Germ\u00e1n Sierra, J. Stat. Mech. P06002 (2015); arXiv:1503.02695.<\/p>\n\n\n\n<p>&#8220;Finding zeros of the Riemann zeta function by periodic driving of cold atoms&#8221;, C.E. Creffield, G. Sierra, Phys. Rev. A 91, 063608 (2015);&nbsp; arXiv:1411.0459.<\/p>\n\n\n\n<p>&#8220;The Riemann zeros as energy levels of a Dirac fermion in a potential built from the prime numbers in Rindler spacetime&#8221;, Germ\u00e1n Sierra, J. Phys. A: Math. Theor. 47,&nbsp; 325204 (2014); IOP Select; arXiv:1404.4252.<\/p>\n\n\n\n<p>&#8220;There is entanglement in the primes&#8221;, \u00a0Jos\u00e9 Ignacio Latorre, Germ\u00e1n Sierra; Quantum Information and Computation, Vol. 15, 0622 (2015); arXiv:1403.4765.<\/p>\n\n\n\n<p>&#8220;Lattice Laughlin States of Bosons and Fermions at Filling Fractions 1\/q&#8221;,<br>Hong-Hao Tu, Anne E. B. Nielsen, J. Ignacio Cirac, Germ\u00e1n Sierra;<br>New J. Phys. 16, 033025 (2014); arXiv:1311.3958.<\/p>\n\n\n\n<p>&#8220;Fractional quantum Hall states in lattices: Local models and physical implementation&#8221;, Anne E. B. Nielsen, Germ\u00e1n Sierra, J. Ignacio Cirac; &nbsp;Nature Communications 4, 2864 (2013); &nbsp;arXiv:1304.0717.<\/p>\n\n\n\n<p>&#8220;Quantum Computation of Prime Number Functions&#8221;,&nbsp; Jos\u00e9 Ignacio Latorre, Germ\u00e1n Sierra; Quantum Information and Computation, Vol. 14,&nbsp; 0577 (2014); &nbsp;arXiv:1302.6245.<\/p>\n\n\n\n<p>&#8220;Laughlin spin liquid states on lattices obtained from conformal field theory&#8221;, A.&nbsp;E. B. Nielsen, J. I.&nbsp;Cirac, G.&nbsp;Sierra, Phys. Rev. Lett. 108, 257206 (2012); arXiv:1201.3096.<\/p>\n\n\n\n<p>&#8220;Quantum spin Hamiltonians for the SU(2)_k&nbsp; WZW model&#8221;, A. E. B. Nielsen, J. I.&nbsp;Cirac, G.&nbsp; Sierra, J. Stat. Mech. P11014 (2011),&nbsp; arXiv:1109.5470.<\/p>\n\n\n\n<p>&#8220;The H=xp model revisited and the Riemann zeros&#8221;, G.&nbsp; Sierra, J.&nbsp; Rodr\u00edguez-Laguna, Phys. Rev. Lett. 106 , 200201 (2011);&nbsp; arXiv:1102.5356.<\/p>\n\n\n\n<p>&#8220;Entanglement of low-energy excitations in Conformal Field Theory&#8221;, F. C. Alcaraz, M.&nbsp; Iba\u00f1ez Berganza and G.&nbsp; Sierra, &nbsp;Phys. Rev. Lett. 106, 201601 (2011); arXiv:1101.2881.<\/p>\n\n\n\n<p>&#8220;Chiral correlators of the Ising conformal field theory&#8221;, E. Ardonne, G. Sierra;&nbsp; J. Phys. A. 43, 505402 (2010), IOPSelect; arXiv:1008.2863.<\/p>\n\n\n\n<p>&#8220;Infinite matrix product states,  Conformal Field Theory and the Haldane-Shastry model&#8221;, J. I.\u00a0 Cirac and\u00a0 G.\u00a0Sierra,\u00a0 \u00a0Phys. Rev. B 81, 104431 (2010); arXiv:0911.3029.<\/p>\n\n\n\n<p>&#8220;Entanglement entropy of integer Quantum Hall states&#8221;,&nbsp; Iv\u00e1n D. Rodriguez, G. Sierra, Phys. Rev. B 80, 153303 (2009); &nbsp;arXiv:0811.2188.<\/p>\n\n\n\n<p>&#8220;An exactly solvable pairing model with p-wave symmetry&#8221;, M. Iba\u00f1ez, J. Links, G. Sierra and Shao-You Zhao, Phys. Rev. B 79, 180501(R) (2009); arXiv:0810.0340.<\/p>\n\n\n\n<p>&#8220;Landau levels and Riemann zeros&#8221;, G.&nbsp; Sierra, P. K. Townsend, Phys. Rev. Lett. 101, 110201 (2008); arXiv:0805.4079.<\/p>\n\n\n\n<p>&#8220;Exactly solvable Richardson-Gaudin models for many-body quantum systems&#8221;, J. Dukelsky, S. Pittel, G. Sierra,&nbsp; Rev. Mod. Phys. 76 (2004) 643-662; &nbsp;nucl-th\/0405011.<\/p>\n\n\n\n<p>&#8220;The Russian-Doll Renormalization Group and Superconductivity&#8221;, A. LeClair, J.M. Rom\u00e1n,&nbsp; G. Sierra;&nbsp; &nbsp;Phys. Rev. &nbsp;B69 (2004) 20505; cond-mat\/0211338.<\/p>\n\n\n\n<p>&#8220;Anderson transition in low-dimensional &nbsp;disordered systems driven by nonrandom long-range hopping&#8221;, Rodriguez, V. A. Malyshev,&nbsp; G. Sierra, M. A. Mart\u00edn-Delgado, J. Rodr\u00edguez-Laguna, F. Dom\u00ednguez-Adame, Phys. Rev. Lett. 90, 27404 (2003); &nbsp;cond-mat\/0204496.<\/p>\n\n\n\n<p>&#8220;Large N limit of the exactly solvable BCS model: analytics versus numerics&#8221;, J.M. Rom\u00e1n, G. Sierra, J. Dukelsky, &nbsp;Nucl. Phys. &nbsp;B634 (2002) 483; cond-mat\/0202070.<\/p>\n\n\n\n<p>&#8220;Density-matrix renormalization-group &nbsp;study of excitons in dendrimers&#8221;, M.A. Mart\u00edn-Delgado, J. Rodriguez-Laguna, G. Sierra, Phys. Rev. B 65, 155116 (2002); &nbsp;cond-mat\/0012382.<\/p>\n\n\n\n<p>&#8220;Chern-Simons theory and BCS superconductivity&#8221;, M. Asorey, F. Falceto,&nbsp; G. Sierra, &nbsp;Nucl. Phys. B622 &nbsp;(2002) 593; hep-th\/0110266.<\/p>\n\n\n\n<p>&#8220;Conformal field theory and the exact solution of the BCS Hamiltonian&#8221;, G. Sierra,&nbsp; Nucl. Phys. B572 (2000) 517; hep-th\/9911078.<\/p>\n\n\n\n<p>&#8220;Density Matrix Renormalization Group &nbsp;Study of Ultrasmall Superconducting Grains&#8221;, J. Dukelsky, G. Sierra, Phys. Rev. Lett. 83, 172 (1999); cond-mat\/9903332.<\/p>\n\n\n\n<p>&#8220;Diagonal Ladders: A Class of Models for Strongly Correlated Electron Systems&#8221;,<br>G. Sierra, M.A. Mart\u00edn-Delgado, S.R. White, D.J. Scalapino, J. Dukelsky, Phys. Rev. B59, 7973 (1999); cond-mat\/9806251.<\/p>\n\n\n\n<p>\u201cThe Density Matrix Renormalization Group, Quantum Groups and Conformal Field Theory\u201d, G. Sierra, M.A. Mart\u00edn-Delgado, Proceedings of the Workshop on the Exact Renormalization Group, Faro (Portugal), 10-12 Sept.1998; arXiv:cond-mat\/9811170.<\/p>\n\n\n\n<p>&#8220;Equivalence of the Variational Matrix Product Ansatz Method and the Density Matrix Renormalization Group&#8221;, &nbsp;J. Dukelsky, M.A. Mart\u00edn-Delgado, T. Nishino,&nbsp; G. Sierra, Europhysics Lett. 43, 457 (1998); &nbsp;cond-mat\/9710310.<\/p>\n\n\n\n<p>&#8220;The Density Matrix Renormalization Group Method applied to Interaction Round a Face Hamiltonians&#8221;, G. Sierra, T. Nishino, Nucl. Phys. B495 (1997) 505; &nbsp;cond-mat\/9610221.<\/p>\n\n\n\n<p>&#8220;Low-Energy properties of Antiferromagnetic Spin-1\/2 &nbsp;Heisenberg Ladders with an Odd Number of Legs&#8221;, &nbsp;B. Frischmuth, S. Haas, G. Sierra, T.M.Rice, Phys. Rev. B55, R3340 (1997); &nbsp;cond-mat\/9606183.<\/p>\n\n\n\n<p>&#8220;Phase Transitions in Staggered Spin Ladders&#8217;,  M.A. Mart\u00edn-Delgado, R. Shankar, G. Sierra, &nbsp;Phys. Rev. Lett. 77, 3443 (1996);&nbsp; cond-mat\/9605035.<\/p>\n\n\n\n<p>&#8220;The non-linear sigma model and spin ladders&#8221;, G. Sierra, J. of Phys. A: Math. and General 29, 3299 (1996); &nbsp;cond-mat 9512007.<\/p>\n\n\n\n<p>&#8220;Real Space Renormalization Group Methods and Quantum Groups&#8221;, &nbsp;M.A. Mart\u00edn-Delgado, G. Sierra, &nbsp;Phys. Rev. Lett. 76 (1996) 1146; cond-mat\/9507115.<\/p>\n\n\n\n<p>&#8220;The hidden quantum group of the eight-vertex free fermion model: q-Clifford algebras&#8221;, &nbsp;R. Cuerno, C. G\u00f3mez, E. L\u00f3pez, &nbsp;G. Sierra, Phys. Lett. 307B (1993) 56; hep-th\/9302089.<\/p>\n\n\n\n<p>&#8220;Quantum harmonic oscillator algebra and link invariants&#8221;, C. G\u00f3mez, G. Sierra, Jour. of Math. Phys. 34, 2119 (1993); hep-th\/9111005.<\/p>\n\n\n\n<p>&#8220;q-Magnetism at roots of unity&#8221;, A. Berkovich, C. G\u00f3mez, G. Sierra, J. Phys. A: Math. Gen. 26 (1993) L45; hep-th\/9206001.<\/p>\n\n\n\n<p>&#8220;Quantum group meaning of the Coulomb gas&#8221;, C. G\u00f3mez, G. Sierra, Phys. Lett. 240B &nbsp;(1990) 149.<\/p>\n\n\n\n<p>&#8220;Quantum group interpretation of some rational &nbsp;conformal field theories&#8221;, L. Alvarez-Gaum\u00e9, C. G\u00f3mez, G. Sierra, Phys. Lett. 220B (1989) 142.<\/p>\n\n\n\n<p>&#8220;An application of the theories of Jordan algebras and Freudenthal triple systems to particles and strings&#8221;, G. Sierra, Class. and Quantum Gravity 4 (1987) 227.<\/p>\n\n\n\n<p>&#8220;Quantum mechanical amplitudes for string propagation&#8221;, F. Jim\u00e9nez, J. Ram\u00edrez Mittelbrunn, M. Ramon Medrano, G. Sierra, Phys.Lett. 171B&nbsp; (1986) 369.<\/p>\n\n\n\n<p>&#8220;Two-dimensional supersymmetric non-linear sigma-models with torsion&#8221;, P. S. Howe, G. Sierra, Phys. Lett. 148B (1984) 451.<\/p>\n\n\n\n<p>&#8220;The geometry of N=2 Maxwell-Einstein supergravity and Jordan algebras&#8221;, M. Gunaydin, G. Sierra, P. K. Townsend, Nucl. Phys. B242 (1984) 244.<\/p>\n\n\n\n<p>&#8220;Exceptional supergravity theories and the Magic Square&#8221;, M. Gunaydin, G. Sierra, P. K. Townsend, Phys. Lett. 133B (1983) 72.<\/p>\n\n\n\n<p><strong>Books<\/strong><\/p>\n\n\n\n<p>\u201dQuantum Groups in two-dimensional Physics\u201d, C. G\u00f3mez, M. Ruiz-Altaba, G. Sierra, Cambridge Monographs on Mathematical Physics, Cambridge University Press, London, 1996.<\/p>\n\n\n\n<p>\u201cQuantum electron liquids and hight-Tc superconductivity\u201d, J. Gonz\u00e1lez, M.A. Mart\u00edn-Delgado, G. Sierra, A. H. Vozmediano, Lecture Notes in Physics vol. m38 , Springer-Verlag, 1995.<\/p>\n\n\n\n<p><\/p>\n\n\n\n<p><\/p>\n","protected":false},"excerpt":{"rendered":"<p>\u201cAlgebraic Bethe Circuits\u201d, Alejandro Sopena, Max Hunter Gordon, Diego Garc\u00eda-Mart\u00edn, Germ\u00e1n Sierra, Esperanza L\u00f3pez; arXiv:2202.04673. \u201cSimulating violation of causality using a topological phase transition\u201d, Sudipto Singha Roy, Anindita Bera, and Germ\u00e1n Sierra, Phys. Rev. A. 2022; arXiv:2105.09795. &#8220;Riemann zeros from &hellip; <a href=\"http:\/\/members.ift.uam-csic.es\/gsierra\/?page_id=305\">Continue reading <span class=\"meta-nav\">&rarr;<\/span><\/a><\/p>\n","protected":false},"author":1,"featured_media":0,"parent":0,"menu_order":0,"comment_status":"closed","ping_status":"closed","template":"","meta":[],"_links":{"self":[{"href":"http:\/\/members.ift.uam-csic.es\/gsierra\/index.php?rest_route=\/wp\/v2\/pages\/305"}],"collection":[{"href":"http:\/\/members.ift.uam-csic.es\/gsierra\/index.php?rest_route=\/wp\/v2\/pages"}],"about":[{"href":"http:\/\/members.ift.uam-csic.es\/gsierra\/index.php?rest_route=\/wp\/v2\/types\/page"}],"author":[{"embeddable":true,"href":"http:\/\/members.ift.uam-csic.es\/gsierra\/index.php?rest_route=\/wp\/v2\/users\/1"}],"replies":[{"embeddable":true,"href":"http:\/\/members.ift.uam-csic.es\/gsierra\/index.php?rest_route=%2Fwp%2Fv2%2Fcomments&post=305"}],"version-history":[{"count":7,"href":"http:\/\/members.ift.uam-csic.es\/gsierra\/index.php?rest_route=\/wp\/v2\/pages\/305\/revisions"}],"predecessor-version":[{"id":316,"href":"http:\/\/members.ift.uam-csic.es\/gsierra\/index.php?rest_route=\/wp\/v2\/pages\/305\/revisions\/316"}],"wp:attachment":[{"href":"http:\/\/members.ift.uam-csic.es\/gsierra\/index.php?rest_route=%2Fwp%2Fv2%2Fmedia&parent=305"}],"curies":[{"name":"wp","href":"https:\/\/api.w.org\/{rel}","templated":true}]}}